{"id":3592,"date":"2025-06-27T13:17:12","date_gmt":"2025-06-27T13:17:12","guid":{"rendered":"https:\/\/francescapichierri.com\/?page_id=3592"},"modified":"2025-06-27T17:16:08","modified_gmt":"2025-06-27T17:16:08","slug":"voice-lessons_vocal-coaching","status":"publish","type":"page","link":"https:\/\/francescapichierri.com\/it\/voice-lessons_vocal-coaching\/","title":{"rendered":"LEZIONI DI CANTO &amp; COACHING VOCALE"},"content":{"rendered":"<div data-elementor-type=\"wp-page\" data-elementor-id=\"3592\" class=\"elementor elementor-3592\">\n\t\t\t\t\t\t<section class=\"elementor-section elementor-top-section elementor-element elementor-element-f9f7475 elementor-section-full_width elementor-section-height-default elementor-section-height-default\" data-id=\"f9f7475\" data-element_type=\"section\">\n\t\t\t\t\t\t<div class=\"elementor-container elementor-column-gap-default\">\n\t\t\t\t\t<div class=\"elementor-column elementor-col-100 elementor-top-column elementor-element elementor-element-493661e\" data-id=\"493661e\" data-element_type=\"column\" data-settings=\"{&quot;background_background&quot;:&quot;classic&quot;}\">\n\t\t\t<div class=\"elementor-widget-wrap elementor-element-populated\">\n\t\t\t\t\t\t<div class=\"elementor-element elementor-element-f34ccb8 animated-slow elementor-invisible elementor-widget elementor-widget-heading\" data-id=\"f34ccb8\" data-element_type=\"widget\" data-settings=\"{&quot;_animation&quot;:&quot;fadeIn&quot;,&quot;_animation_delay&quot;:0}\" data-widget_type=\"heading.default\">\n\t\t\t\t<div class=\"elementor-widget-container\">\n\t\t\t\t\t<h2 class=\"elementor-heading-title elementor-size-default\">I MIEI SERVIZI<\/h2>\t\t\t\t<\/div>\n\t\t\t\t<\/div>\n\t\t\t\t<section class=\"elementor-section elementor-inner-section elementor-element elementor-element-5e86e08 elementor-section-full_width animated-slow elementor-section-height-default elementor-section-height-default elementor-invisible\" data-id=\"5e86e08\" data-element_type=\"section\" data-settings=\"{&quot;animation&quot;:&quot;fadeIn&quot;,&quot;animation_delay&quot;:400}\">\n\t\t\t\t\t\t<div class=\"elementor-container elementor-column-gap-default\">\n\t\t\t\t\t<div class=\"elementor-column elementor-col-100 elementor-inner-column elementor-element elementor-element-5e116c3\" data-id=\"5e116c3\" data-element_type=\"column\" data-settings=\"{&quot;background_background&quot;:&quot;classic&quot;}\">\n\t\t\t<div class=\"elementor-widget-wrap elementor-element-populated\">\n\t\t\t\t\t\t<div class=\"elementor-element elementor-element-22443a1 elementor-widget elementor-widget-text-editor\" data-id=\"22443a1\" data-element_type=\"widget\" data-widget_type=\"text-editor.default\">\n\t\t\t\t<div class=\"elementor-widget-container\">\n\t\t\t\t\t\t\t\t\t<p><span style=\"font-size: 24pt;\"><strong><br \/>LEZIONI DI CANTO &amp; COACHING VOCALE<br \/><br \/><\/strong><\/span>Sessioni personalizzate per chi canta, scrive canzoni, parla in pubblico o esplora la propria voce.<\/p>\t\t\t\t\t\t\t\t<\/div>\n\t\t\t\t<\/div>\n\t\t\t\t\t<\/div>\n\t\t<\/div>\n\t\t\t\t\t<\/div>\n\t\t<\/section>\n\t\t\t\t<section class=\"elementor-section elementor-inner-section elementor-element elementor-element-3952601 elementor-section-full_width animated-slow elementor-section-height-default elementor-section-height-default elementor-invisible\" data-id=\"3952601\" data-element_type=\"section\" data-settings=\"{&quot;animation&quot;:&quot;fadeIn&quot;,&quot;animation_delay&quot;:400}\">\n\t\t\t\t\t\t<div class=\"elementor-container elementor-column-gap-default\">\n\t\t\t\t\t<div class=\"elementor-column elementor-col-100 elementor-inner-column elementor-element elementor-element-9bb79de\" data-id=\"9bb79de\" data-element_type=\"column\" data-settings=\"{&quot;background_background&quot;:&quot;classic&quot;}\">\n\t\t\t<div class=\"elementor-widget-wrap elementor-element-populated\">\n\t\t\t\t\t\t<div class=\"elementor-element elementor-element-4e7e1d7 elementor-widget elementor-widget-text-editor\" data-id=\"4e7e1d7\" data-element_type=\"widget\" data-widget_type=\"text-editor.default\">\n\t\t\t\t<div class=\"elementor-widget-container\">\n\t\t\t\t\t\t\t\t\t<p><span style=\"text-decoration: underline;\"><strong><b><span style=\"font-size: 16pt;\">COME LAVORO<br \/><br \/><\/span><\/b><\/strong><\/span>Offro <span style=\"color: #332323;\"><strong>coaching individuale su misura<\/strong><\/span> per tutti i livelli, dal principiante al professionista, <span style=\"color: #332323;\"><b>sia in inglese che in italiano<\/b><\/span>. Le persone che seguo includono cantanti di ogni genere musicale, oratori, cantautori, artisti concettuali e chi esplora la voce come strumento di affermazione di genere o ricerca identitaria.<br \/><br \/>Attualmente le sessioni si svolgono esclusivamente ONLINE.<br \/><br \/><\/p><p>Iniziamo con una <span style=\"color: #332323;\"><b>chiamata conoscitiva gratuita di 30 minuti<\/b><\/span> per conoscerci, parlare dei tuoi obiettivi e capire come ti piace lavorare. Se decidiamo di collaborare, creer\u00f2 un percorso personalizzato:<\/p><ul><li>Potresti desiderare sessioni regolari con obiettivi a lungo termine,<\/li><li>Oppure una struttura flessibile con incontri occasionali,<\/li><li>O un supporto mirato per qualcosa di specifico (un\u2019audizione, una performance, una registrazione o un blocco creativo).<\/li><\/ul><p>La tua voce \u00e8 in continua evoluzione, e lo \u00e8 anche il nostro lavoro insieme: rivediamo spesso gli obiettivi e adattiamo il processo man mano che cresci.<\/p>\t\t\t\t\t\t\t\t<\/div>\n\t\t\t\t<\/div>\n\t\t\t\t\t<\/div>\n\t\t<\/div>\n\t\t\t\t\t<\/div>\n\t\t<\/section>\n\t\t\t\t<section class=\"elementor-section elementor-inner-section elementor-element elementor-element-8af96a6 elementor-section-full_width animated-slow elementor-section-height-default elementor-section-height-default elementor-invisible\" data-id=\"8af96a6\" data-element_type=\"section\" data-settings=\"{&quot;animation&quot;:&quot;fadeIn&quot;,&quot;animation_delay&quot;:200}\">\n\t\t\t\t\t\t<div class=\"elementor-container elementor-column-gap-default\">\n\t\t\t\t\t<div class=\"elementor-column elementor-col-100 elementor-inner-column elementor-element elementor-element-f74af91\" data-id=\"f74af91\" data-element_type=\"column\" data-settings=\"{&quot;background_background&quot;:&quot;classic&quot;}\">\n\t\t\t<div class=\"elementor-widget-wrap elementor-element-populated\">\n\t\t\t\t\t\t<div class=\"elementor-element elementor-element-2a0e07e elementor-widget elementor-widget-text-editor\" data-id=\"2a0e07e\" data-element_type=\"widget\" data-widget_type=\"text-editor.default\">\n\t\t\t\t<div class=\"elementor-widget-container\">\n\t\t\t\t\t\t\t\t\t<p><span style=\"text-decoration: underline;\"><strong><span style=\"font-size: 16pt;\">SU COSA POSSIAMO LAVORARE<\/span><\/strong><\/span><\/p><p><br \/><br \/>\ud83c\udfa4<span style=\"color: #332323;\"> <strong>TECNICA VOCALE ED ESPRESSIONE<br \/><br \/><\/strong><\/span>Affina la tua tecnica, esplora pratiche ed esercizi che favoriscono la salute e la resistenza vocale, sviluppa il tuo suono unico. Argomenti che potremmo approfondire<strong>:<\/strong><\/p><ul><li aria-level=\"1\">Respirazione diaframmatica e supporto vocale<\/li><li aria-level=\"1\">Espansione dell\u2019estensione vocale e controllo\u00a0<\/li><li aria-level=\"1\">Volume e potenza vocale\u00a0<\/li><li aria-level=\"1\">Effetti vocali: vibrato, ornamentazioni, distorsione, scream e fry scream, rattle, grunt, growl, creaking, aria udibile, break vocali<\/li><li aria-level=\"1\">Ritmo e fraseggio\u00a0<\/li><li aria-level=\"1\">Interpretazione, scelte vocali e significato\u00a0<\/li><li aria-level=\"1\">Tecnica microfonica e skills per esibizioni dal vivo<\/li><li aria-level=\"1\">Salute vocale e allenamento: pratiche sostenibili per mantenere la voce resistente e sana<\/li><li aria-level=\"1\">Anatomia vocale di base per maggiore consapevolezza e adattamento<\/li><li aria-level=\"1\">Canto armonico da un approccio intuitivo<\/li><li aria-level=\"1\">Stile vocale: perfeziona la tua voce abbracciando la sua versatilit\u00e0<\/li><li aria-level=\"1\">Tecnica di improvvisazione\u00a0<\/li><li aria-level=\"1\">Colore timbrico<\/li><li aria-level=\"1\">Allenamento dell\u2019orecchio\u00a0<\/li><li aria-level=\"1\">Analisi audio<\/li><\/ul><p><br \/>\ud83c\udfb5 <strong><span style=\"color: #332323;\">SONGWRITING E SVILUPPO CREATIVO<br \/><br \/><\/span><\/strong>Che tu sia alle prime armi o voglia perfezionare la tua arte, possiamo:<\/p><ul><li aria-level=\"1\">Esplorare la spina poetica ed emotiva di una canzone<\/li><li aria-level=\"1\">Analizzare i brani che ami per capire cosa ti emoziona<\/li><li aria-level=\"1\">Usare la teoria musicale di base come strumento leggero e di supporto\u00a0<\/li><li aria-level=\"1\">Sviluppare la tua voce e identit\u00e0 come cantautore e artista\u00a0<\/li><li aria-level=\"1\">Scrivere nuove canzoni che rispecchino la tua visione<\/li><li aria-level=\"1\">Fondere l\u2019intenzione lirica con l\u2019espressione vocale<\/li><li aria-level=\"1\">Toccare le basi della registrazione vocale<\/li><li aria-level=\"1\">Considerare strategie per la pubblicazione della tua musica<\/li><\/ul><p>Il mio approccio si concentra sull\u2019esplorazione creativa, la verit\u00e0 emotiva e la voce. La teoria entra in gioco quando \u00e8 utile, ma l\u2019espressione \u00e8 sempre al centro.<\/p><p><br \/><br \/>\ud83d\udde3\ufe0f <span style=\"color: #332323;\"><strong>SALUTE VOCALE E PUBLIC SPEAK<\/strong><b>ING<br \/><br \/><\/b><\/span>Ideale per insegnanti, professionisti e chi parla spesso in pubblico:<\/p><ul><li aria-level=\"1\">Impara a usare la voce parlata con chiarezza ed efficacia<\/li><li aria-level=\"1\">Previeni affaticamento o raucedine<\/li><li aria-level=\"1\">Migliora presenza scenica, tono e ritmo<\/li><\/ul><p><br \/><br \/>\u26a7\ufe0f <span style=\"color: #332323;\"><strong>LAVORO VOCALE PER L\u2019AFFERMAZIONE DI GENERE<br \/><br \/><\/strong><\/span>La voce gioca un ruolo fondamentale nell\u2019espressione di genere. Insieme:<\/p><ul><li aria-level=\"1\">Esploreremo intonazione, risonanza, colore timbrico e inflessione<\/li><li aria-level=\"1\">Troveremo una voce sostenibile che sia affermativa e in sintonia con te<\/li><li aria-level=\"1\">Svilupperemo il tuo potenziale vocale in modo sicuro ed efficiente<\/li><\/ul>\t\t\t\t\t\t\t\t<\/div>\n\t\t\t\t<\/div>\n\t\t\t\t\t<\/div>\n\t\t<\/div>\n\t\t\t\t\t<\/div>\n\t\t<\/section>\n\t\t\t\t<section class=\"elementor-section elementor-inner-section elementor-element elementor-element-ed27ad9 elementor-section-full_width animated-slow elementor-section-height-default elementor-section-height-default elementor-invisible\" data-id=\"ed27ad9\" data-element_type=\"section\" data-settings=\"{&quot;animation&quot;:&quot;fadeIn&quot;,&quot;animation_delay&quot;:200}\">\n\t\t\t\t\t\t<div class=\"elementor-container elementor-column-gap-default\">\n\t\t\t\t\t<div class=\"elementor-column elementor-col-100 elementor-inner-column elementor-element elementor-element-c92787c\" data-id=\"c92787c\" data-element_type=\"column\" data-settings=\"{&quot;background_background&quot;:&quot;classic&quot;}\">\n\t\t\t<div class=\"elementor-widget-wrap elementor-element-populated\">\n\t\t\t\t\t\t<div class=\"elementor-element elementor-element-a2db5fc elementor-widget elementor-widget-text-editor\" data-id=\"a2db5fc\" data-element_type=\"widget\" data-widget_type=\"text-editor.default\">\n\t\t\t\t<div class=\"elementor-widget-container\">\n\t\t\t\t\t\t\t\t\t<p><span style=\"text-decoration: underline;\"><strong><span style=\"font-size: 16pt;\">CON CHI LAVORO<br \/><\/span><\/strong><\/span><\/p><ul><li aria-level=\"1\"><span style=\"color: #332323;\"><b>Appassionati di Canto<\/b><\/span> \u2013 da chi canta sotto la doccia a chi si esibisce sul palco<\/li><li aria-level=\"1\"><span style=\"color: #332323;\"><b>Artisti Professionisti e Emergenti<\/b><\/span> \u2013 che lavorano su album, audizioni, concerti, registrazioni in studio o sono interessati a sviluppare il proprio potenziale artistico<\/li><li aria-level=\"1\"><span style=\"color: #332323;\"><b>Speaker e Oratori<\/b><\/span> \u2013 insegnanti, docenti, relatori<\/li><li aria-level=\"1\"><span style=\"color: #332323;\"><b>Cantautori e Anime Creative<\/b><\/span> \u2013 che desiderano iniziare o approfondire il proprio percorso artistico<\/li><li aria-level=\"1\"><span style=\"color: #332323;\"><b>Esploratori della Voce<\/b><\/span> \u2013 menti curiose che vogliono sperimentare la voce in modo creativo<\/li><li aria-level=\"1\"><span style=\"color: #332323;\"><b>Persone in esplorazione o transizione vocale legata al Genere<\/b><\/span>\u00a0\u2013 in cerca di supporto vocale durante un percorso di transizione<\/li><\/ul>\t\t\t\t\t\t\t\t<\/div>\n\t\t\t\t<\/div>\n\t\t\t\t\t<\/div>\n\t\t<\/div>\n\t\t\t\t\t<\/div>\n\t\t<\/section>\n\t\t\t\t<section class=\"elementor-section elementor-inner-section elementor-element elementor-element-0a7f6f3 elementor-section-full_width animated-slow elementor-section-height-default elementor-section-height-default elementor-invisible\" data-id=\"0a7f6f3\" data-element_type=\"section\" data-settings=\"{&quot;animation&quot;:&quot;fadeIn&quot;,&quot;animation_delay&quot;:200}\">\n\t\t\t\t\t\t<div class=\"elementor-container elementor-column-gap-default\">\n\t\t\t\t\t<div class=\"elementor-column elementor-col-100 elementor-inner-column elementor-element elementor-element-83d9cdf\" data-id=\"83d9cdf\" data-element_type=\"column\" data-settings=\"{&quot;background_background&quot;:&quot;classic&quot;}\">\n\t\t\t<div class=\"elementor-widget-wrap elementor-element-populated\">\n\t\t\t\t\t\t<div class=\"elementor-element elementor-element-e3943e7 elementor-widget elementor-widget-text-editor\" data-id=\"e3943e7\" data-element_type=\"widget\" data-widget_type=\"text-editor.default\">\n\t\t\t\t<div class=\"elementor-widget-container\">\n\t\t\t\t\t\t\t\t\t<p><span style=\"text-decoration: underline;\"><span style=\"font-size: 16pt;\"><b>INFORMAZIONI PRATICHE<\/b><\/span><\/span><\/p><ul><li aria-level=\"1\"><b><span style=\"color: #332323;\">Le lezioni che offro sono attualmente solo online<\/span>. <\/b>Le lezioni in presenza nel mio studio sono temporaneamente sospese.<\/li><li aria-level=\"1\">Le sessioni si svolgono in <span style=\"color: #332323;\"><b>italiano o inglese<\/b><span style=\"color: #ffffff;\">.<\/span><\/span><\/li><li aria-level=\"1\">I prezzi variano in base al tipo di servizio e al pacchetto \u2013 <a href=\"mailto:mail@francescapichierri.com\">scrivimi per maggiori informazioni<\/a>.<\/li><\/ul>\t\t\t\t\t\t\t\t<\/div>\n\t\t\t\t<\/div>\n\t\t\t\t\t<\/div>\n\t\t<\/div>\n\t\t\t\t\t<\/div>\n\t\t<\/section>\n\t\t\t\t<section class=\"elementor-section elementor-inner-section elementor-element elementor-element-3e9e8b9 elementor-section-full_width animated-slow elementor-section-height-default elementor-section-height-default elementor-invisible\" data-id=\"3e9e8b9\" data-element_type=\"section\" data-settings=\"{&quot;animation&quot;:&quot;fadeIn&quot;,&quot;animation_delay&quot;:200}\">\n\t\t\t\t\t\t<div class=\"elementor-container elementor-column-gap-default\">\n\t\t\t\t\t<div class=\"elementor-column elementor-col-100 elementor-inner-column elementor-element elementor-element-ca82fe0\" data-id=\"ca82fe0\" data-element_type=\"column\" data-settings=\"{&quot;background_background&quot;:&quot;classic&quot;}\">\n\t\t\t<div class=\"elementor-widget-wrap elementor-element-populated\">\n\t\t\t\t\t\t<div class=\"elementor-element elementor-element-1f590a2 elementor-widget elementor-widget-text-editor\" data-id=\"1f590a2\" data-element_type=\"widget\" data-widget_type=\"text-editor.default\">\n\t\t\t\t<div class=\"elementor-widget-container\">\n\t\t\t\t\t\t\t\t\t<p><span style=\"text-decoration: underline;\"><span style=\"font-size: 16pt;\"><b>COSA DICONO GLI STUDENTI<br \/><br \/><\/b><\/span><\/span>Negli anni, i feedback ricevuti mi hanno confermato che le sessioni vengono vissute come spazi non solo utili dal punto di vista tecnico, ma anche ricchi di stimoli creativi e radicanti sul piano emotivo. C\u2019\u00e8 chi descrive il percorso come \u201cuna fonte infinita di spunti\u201d, chi ne apprezza \u201cl\u2019equilibrio tra divertimento ed efficacia\u201d, e chi racconta come le lezioni \u201caiutino a costruire fiducia interiore\u201d mentre si esplora il suono con libert\u00e0 e chiarezza. Che si tratti di tecnica vocale, songwriting o dell\u2019anima emotiva di una performance, l\u2019obiettivo resta lo stesso: guidarti verso una voce che ti somiglia, ti sostiene e ti esprime.<\/p>\t\t\t\t\t\t\t\t<\/div>\n\t\t\t\t<\/div>\n\t\t\t\t\t<\/div>\n\t\t<\/div>\n\t\t\t\t\t<\/div>\n\t\t<\/section>\n\t\t\t\t<section class=\"elementor-section elementor-inner-section elementor-element elementor-element-cf9a9c4 elementor-section-full_width animated-slow elementor-section-height-default elementor-section-height-default elementor-invisible\" data-id=\"cf9a9c4\" data-element_type=\"section\" data-settings=\"{&quot;animation&quot;:&quot;fadeIn&quot;,&quot;animation_delay&quot;:200}\">\n\t\t\t\t\t\t<div class=\"elementor-container elementor-column-gap-default\">\n\t\t\t\t\t<div class=\"elementor-column elementor-col-100 elementor-inner-column elementor-element elementor-element-c46e783\" data-id=\"c46e783\" data-element_type=\"column\" data-settings=\"{&quot;background_background&quot;:&quot;classic&quot;}\">\n\t\t\t<div class=\"elementor-widget-wrap elementor-element-populated\">\n\t\t\t\t\t\t<div class=\"elementor-element elementor-element-d44bc1a elementor-widget elementor-widget-text-editor\" data-id=\"d44bc1a\" data-element_type=\"widget\" data-widget_type=\"text-editor.default\">\n\t\t\t\t<div class=\"elementor-widget-container\">\n\t\t\t\t\t\t\t\t\t<p><span style=\"text-decoration: underline;\"><span style=\"font-size: 16pt;\"><b>VUOI METTERTI IN CONTATTO?<br \/><br \/><\/b><\/span><\/span>Possiamo iniziare con una chiamata introduttiva gratuita di 30 minuti. Tu condividerai la tua storia, io ti racconter\u00f2 come lavoro, e insieme tracceremo un percorso su misura.<br \/><br \/><a href=\"mailto:mail@francescapichierri.com\">\ud83d\udce9 Scrivimi via email<\/a> per qualsiasi domanda su lezioni, costi o disponibilit\u00e0.<\/p>\t\t\t\t\t\t\t\t<\/div>\n\t\t\t\t<\/div>\n\t\t\t\t\t<\/div>\n\t\t<\/div>\n\t\t\t\t\t<\/div>\n\t\t<\/section>\n\t\t\t\t<section class=\"elementor-section elementor-inner-section elementor-element elementor-element-ebcf2c3 elementor-section-full_width animated-slow elementor-section-height-default elementor-section-height-default elementor-invisible\" data-id=\"ebcf2c3\" data-element_type=\"section\" data-settings=\"{&quot;animation&quot;:&quot;fadeIn&quot;,&quot;animation_delay&quot;:200}\">\n\t\t\t\t\t\t<div class=\"elementor-container elementor-column-gap-default\">\n\t\t\t\t\t<div class=\"elementor-column elementor-col-100 elementor-inner-column elementor-element elementor-element-dbdc13e\" data-id=\"dbdc13e\" data-element_type=\"column\" data-settings=\"{&quot;background_background&quot;:&quot;classic&quot;}\">\n\t\t\t<div class=\"elementor-widget-wrap elementor-element-populated\">\n\t\t\t\t\t\t<div class=\"elementor-element elementor-element-0bab87b elementor-widget elementor-widget-text-editor\" data-id=\"0bab87b\" data-element_type=\"widget\" data-widget_type=\"text-editor.default\">\n\t\t\t\t<div class=\"elementor-widget-container\">\n\t\t\t\t\t\t\t\t\t<p><span style=\"text-decoration: underline;\"><span style=\"font-size: 16pt;\"><b>UNA NOTA SU QUESTO SITO<br \/><br \/><\/b><\/span><\/span>Mi piace mantenere questo spazio semplice ed essenziale, senza sommergerti di troppe informazioni. Cerco di aggiornarlo con regolarit\u00e0, anche se spesso sono impegnata a insegnare, imparare e creare. Se qualcosa non \u00e8 chiaro, o se hai curiosit\u00e0 su aspetti che qui non trovi, scrivimi pure: mi far\u00e0 piacere sentirti!<\/p>\t\t\t\t\t\t\t\t<\/div>\n\t\t\t\t<\/div>\n\t\t\t\t\t<\/div>\n\t\t<\/div>\n\t\t\t\t\t<\/div>\n\t\t<\/section>\n\t\t\t\t\t<\/div>\n\t\t<\/div>\n\t\t\t\t\t<\/div>\n\t\t<\/section>\n\t\t\t\t<\/div>","protected":false},"excerpt":{"rendered":"<p>SERVICES VOICE LESSONS &amp; VOCAL COACHING One-on-one guidance for singers, speakers, songwriters, and voice explorers. HOW I WORK I offer tailored one-on-one coaching for all levels, from beginners to professionals, in both English and Italian. My clients include singers of all music genres, public speakers, songwriters, conceptual artists, and people seeking gender-affirming voice work. Sessions [&hellip;]<\/p>","protected":false},"author":1,"featured_media":0,"parent":0,"menu_order":20,"comment_status":"closed","ping_status":"closed","template":"","meta":{"ocean_post_layout":"full-screen","ocean_both_sidebars_style":"","ocean_both_sidebars_content_width":0,"ocean_both_sidebars_sidebars_width":0,"ocean_sidebar":"0","ocean_second_sidebar":"0","ocean_disable_margins":"enable","ocean_add_body_class":"","ocean_shortcode_before_top_bar":"","ocean_shortcode_after_top_bar":"","ocean_shortcode_before_header":"","ocean_shortcode_after_header":"","ocean_has_shortcode":"","ocean_shortcode_after_title":"","ocean_shortcode_before_footer_widgets":"","ocean_shortcode_after_footer_widgets":"","ocean_shortcode_before_footer_bottom":"","ocean_shortcode_after_footer_bottom":"","ocean_display_top_bar":"off","ocean_display_header":"default","ocean_header_style":"","ocean_center_header_left_menu":"0","ocean_custom_header_template":"0","ocean_custom_logo":0,"ocean_custom_retina_logo":0,"ocean_custom_logo_max_width":0,"ocean_custom_logo_tablet_max_width":0,"ocean_custom_logo_mobile_max_width":0,"ocean_custom_logo_max_height":0,"ocean_custom_logo_tablet_max_height":0,"ocean_custom_logo_mobile_max_height":0,"ocean_header_custom_menu":"0","ocean_menu_typo_font_family":"0","ocean_menu_typo_font_subset":"","ocean_menu_typo_font_size":0,"ocean_menu_typo_font_size_tablet":0,"ocean_menu_typo_font_size_mobile":0,"ocean_menu_typo_font_size_unit":"px","ocean_menu_typo_font_weight":"","ocean_menu_typo_font_weight_tablet":"","ocean_menu_typo_font_weight_mobile":"","ocean_menu_typo_transform":"","ocean_menu_typo_transform_tablet":"","ocean_menu_typo_transform_mobile":"","ocean_menu_typo_line_height":0,"ocean_menu_typo_line_height_tablet":0,"ocean_menu_typo_line_height_mobile":0,"ocean_menu_typo_line_height_unit":"","ocean_menu_typo_spacing":0,"ocean_menu_typo_spacing_tablet":0,"ocean_menu_typo_spacing_mobile":0,"ocean_menu_typo_spacing_unit":"","ocean_menu_link_color":"","ocean_menu_link_color_hover":"","ocean_menu_link_color_active":"","ocean_menu_link_background":"","ocean_menu_link_hover_background":"","ocean_menu_link_active_background":"","ocean_menu_social_links_bg":"","ocean_menu_social_hover_links_bg":"","ocean_menu_social_links_color":"","ocean_menu_social_hover_links_color":"","ocean_disable_title":"on","ocean_disable_heading":"default","ocean_post_title":"","ocean_post_subheading":"","ocean_post_title_style":"","ocean_post_title_background_color":"","ocean_post_title_background":0,"ocean_post_title_bg_image_position":"","ocean_post_title_bg_image_attachment":"","ocean_post_title_bg_image_repeat":"","ocean_post_title_bg_image_size":"","ocean_post_title_height":0,"ocean_post_title_bg_overlay":0.5,"ocean_post_title_bg_overlay_color":"","ocean_disable_breadcrumbs":"default","ocean_breadcrumbs_color":"","ocean_breadcrumbs_separator_color":"","ocean_breadcrumbs_links_color":"","ocean_breadcrumbs_links_hover_color":"","ocean_display_footer_widgets":"on","ocean_display_footer_bottom":"off","ocean_custom_footer_template":"3036","footnotes":""},"class_list":["post-3592","page","type-page","status-publish","hentry","entry"],"_links":{"self":[{"href":"https:\/\/francescapichierri.com\/it\/wp-json\/wp\/v2\/pages\/3592","targetHints":{"allow":["GET"]}}],"collection":[{"href":"https:\/\/francescapichierri.com\/it\/wp-json\/wp\/v2\/pages"}],"about":[{"href":"https:\/\/francescapichierri.com\/it\/wp-json\/wp\/v2\/types\/page"}],"author":[{"embeddable":true,"href":"https:\/\/francescapichierri.com\/it\/wp-json\/wp\/v2\/users\/1"}],"replies":[{"embeddable":true,"href":"https:\/\/francescapichierri.com\/it\/wp-json\/wp\/v2\/comments?post=3592"}],"version-history":[{"count":41,"href":"https:\/\/francescapichierri.com\/it\/wp-json\/wp\/v2\/pages\/3592\/revisions"}],"predecessor-version":[{"id":3660,"href":"https:\/\/francescapichierri.com\/it\/wp-json\/wp\/v2\/pages\/3592\/revisions\/3660"}],"wp:attachment":[{"href":"https:\/\/francescapichierri.com\/it\/wp-json\/wp\/v2\/media?parent=3592"}],"curies":[{"name":"wp","href":"https:\/\/api.w.org\/{rel}","templated":true}]}}